{"id":9095,"date":"2024-10-15T10:10:57","date_gmt":"2024-10-15T08:10:57","guid":{"rendered":"https:\/\/riduttoridicalibro.it\/?post_type=product&#038;p=9095"},"modified":"2024-10-15T10:13:23","modified_gmt":"2024-10-15T08:13:23","slug":"reduction-de-la-jauge-12-32-copia-copia-copia-2","status":"publish","type":"product","link":"https:\/\/riduttoridicalibro.it\/fr\/negozio\/reduction-de-la-jauge-12-32-copia-copia-copia-2\/","title":{"rendered":"R\u00e9duction de la jauge 12\/32 (Copia) (Copia) (Copia)"},"content":{"rendered":"<p>Avec ce r\u00e9ducteur de calibre pour fusils \u00e0 canon lisse, vous pouvez transformer votre <strong>calibre 12<\/strong> en<strong> calibre 32<\/strong>.<\/p>\n","protected":false},"excerpt":{"rendered":"<p>Avec ce r\u00e9ducteur de calibre pour fusils \u00e0 canon lisse, vous pouvez transformer votre calibre 12 en calibre 32.<\/p>\n","protected":false},"featured_media":9108,"template":"","meta":[],"product_brand":[],"product_cat":[199],"product_tag":[],"class_list":{"0":"post-9095","1":"product","2":"type-product","3":"status-publish","4":"has-post-thumbnail","6":"product_cat-non-classifiee","7":"pa_calibro-di-partenza-12-fr","9":"first","10":"instock","11":"sale","12":"taxable","13":"shipping-taxable","14":"purchasable","15":"product-type-simple"},"yoast_head":"<!-- This site is optimized with the Yoast SEO plugin v25.6 - https:\/\/yoast.com\/wordpress\/plugins\/seo\/ -->\n<title>R\u00e9duction de la jauge 12\/32 (Copia) (Copia) (Copia) - R\u00e9ducteurs de gabarit - Boutique en ligne<\/title>\n<meta name=\"robots\" content=\"index, follow, max-snippet:-1, max-image-preview:large, max-video-preview:-1\" \/>\n<link rel=\"canonical\" href=\"https:\/\/riduttoridicalibro.it\/fr\/negozio\/reduction-de-la-jauge-12-32-copia-copia-copia-2\/\" \/>\n<meta property=\"og:locale\" content=\"fr_FR\" \/>\n<meta property=\"og:type\" content=\"article\" \/>\n<meta property=\"og:title\" content=\"R\u00e9duction de la jauge 12\/32 (Copia) (Copia) (Copia) - R\u00e9ducteurs de gabarit - Boutique en ligne\" \/>\n<meta property=\"og:description\" content=\"Avec ce r\u00e9ducteur de calibre pour fusils \u00e0 canon lisse, vous pouvez transformer votre calibre 12 en calibre 32.\" \/>\n<meta property=\"og:url\" content=\"https:\/\/riduttoridicalibro.it\/fr\/negozio\/reduction-de-la-jauge-12-32-copia-copia-copia-2\/\" \/>\n<meta property=\"og:site_name\" content=\"R\u00e9ducteurs de gabarit - Boutique en ligne\" \/>\n<meta property=\"article:modified_time\" content=\"2024-10-15T08:13:23+00:00\" \/>\n<meta property=\"og:image\" content=\"https:\/\/riduttoridicalibro.it\/wp-content\/uploads\/2024\/10\/scura.jpg\" \/>\n\t<meta property=\"og:image:width\" content=\"1248\" \/>\n\t<meta property=\"og:image:height\" content=\"1663\" \/>\n\t<meta property=\"og:image:type\" content=\"image\/jpeg\" \/>\n<meta name=\"twitter:card\" content=\"summary_large_image\" \/>\n<script type=\"application\/ld+json\" class=\"yoast-schema-graph\">{\"@context\":\"https:\/\/schema.org\",\"@graph\":[{\"@type\":\"WebPage\",\"@id\":\"https:\/\/riduttoridicalibro.it\/fr\/negozio\/reduction-de-la-jauge-12-32-copia-copia-copia-2\/\",\"url\":\"https:\/\/riduttoridicalibro.it\/fr\/negozio\/reduction-de-la-jauge-12-32-copia-copia-copia-2\/\",\"name\":\"R\u00e9duction de la jauge 12\/32 (Copia) (Copia) (Copia) - R\u00e9ducteurs de gabarit - Boutique en ligne\",\"isPartOf\":{\"@id\":\"https:\/\/riduttoridicalibro.it\/fr\/#website\"},\"primaryImageOfPage\":{\"@id\":\"https:\/\/riduttoridicalibro.it\/fr\/negozio\/reduction-de-la-jauge-12-32-copia-copia-copia-2\/#primaryimage\"},\"image\":{\"@id\":\"https:\/\/riduttoridicalibro.it\/fr\/negozio\/reduction-de-la-jauge-12-32-copia-copia-copia-2\/#primaryimage\"},\"thumbnailUrl\":\"https:\/\/riduttoridicalibro.it\/wp-content\/uploads\/2024\/10\/scura-1.jpg\",\"datePublished\":\"2024-10-15T08:10:57+00:00\",\"dateModified\":\"2024-10-15T08:13:23+00:00\",\"breadcrumb\":{\"@id\":\"https:\/\/riduttoridicalibro.it\/fr\/negozio\/reduction-de-la-jauge-12-32-copia-copia-copia-2\/#breadcrumb\"},\"inLanguage\":\"fr-FR\",\"potentialAction\":[{\"@type\":\"ReadAction\",\"target\":[\"https:\/\/riduttoridicalibro.it\/fr\/negozio\/reduction-de-la-jauge-12-32-copia-copia-copia-2\/\"]}]},{\"@type\":\"ImageObject\",\"inLanguage\":\"fr-FR\",\"@id\":\"https:\/\/riduttoridicalibro.it\/fr\/negozio\/reduction-de-la-jauge-12-32-copia-copia-copia-2\/#primaryimage\",\"url\":\"https:\/\/riduttoridicalibro.it\/wp-content\/uploads\/2024\/10\/scura-1.jpg\",\"contentUrl\":\"https:\/\/riduttoridicalibro.it\/wp-content\/uploads\/2024\/10\/scura-1.jpg\",\"width\":1200,\"height\":1200},{\"@type\":\"BreadcrumbList\",\"@id\":\"https:\/\/riduttoridicalibro.it\/fr\/negozio\/reduction-de-la-jauge-12-32-copia-copia-copia-2\/#breadcrumb\",\"itemListElement\":[{\"@type\":\"ListItem\",\"position\":1,\"name\":\"Home\",\"item\":\"https:\/\/riduttoridicalibro.it\/fr\/\"},{\"@type\":\"ListItem\",\"position\":2,\"name\":\"Boutique\",\"item\":\"https:\/\/riduttoridicalibro.it\/fr\/boutique\/\"},{\"@type\":\"ListItem\",\"position\":3,\"name\":\"R\u00e9duction de la jauge 12\/32 (Copia) (Copia) (Copia)\"}]},{\"@type\":\"WebSite\",\"@id\":\"https:\/\/riduttoridicalibro.it\/fr\/#website\",\"url\":\"https:\/\/riduttoridicalibro.it\/fr\/\",\"name\":\"Riduttori di calibro - Shop online\",\"description\":\"R\u00e9ducteurs de calibre pour fusils de chasse\",\"publisher\":{\"@id\":\"https:\/\/riduttoridicalibro.it\/fr\/#organization\"},\"potentialAction\":[{\"@type\":\"SearchAction\",\"target\":{\"@type\":\"EntryPoint\",\"urlTemplate\":\"https:\/\/riduttoridicalibro.it\/fr\/?s={search_term_string}\"},\"query-input\":{\"@type\":\"PropertyValueSpecification\",\"valueRequired\":true,\"valueName\":\"search_term_string\"}}],\"inLanguage\":\"fr-FR\"},{\"@type\":\"Organization\",\"@id\":\"https:\/\/riduttoridicalibro.it\/fr\/#organization\",\"name\":\"Riduttori di calibro\",\"url\":\"https:\/\/riduttoridicalibro.it\/fr\/\",\"logo\":{\"@type\":\"ImageObject\",\"inLanguage\":\"fr-FR\",\"@id\":\"https:\/\/riduttoridicalibro.it\/fr\/#\/schema\/logo\/image\/\",\"url\":\"https:\/\/riduttoridicalibro.it\/wp-content\/uploads\/2022\/09\/RD-lavorazioni-riduttori.png\",\"contentUrl\":\"https:\/\/riduttoridicalibro.it\/wp-content\/uploads\/2022\/09\/RD-lavorazioni-riduttori.png\",\"width\":300,\"height\":283,\"caption\":\"Riduttori di calibro\"},\"image\":{\"@id\":\"https:\/\/riduttoridicalibro.it\/fr\/#\/schema\/logo\/image\/\"}}]}<\/script>\n<!-- \/ Yoast SEO plugin. -->","yoast_head_json":{"title":"R\u00e9duction de la jauge 12\/32 (Copia) (Copia) (Copia) - R\u00e9ducteurs de gabarit - Boutique en ligne","robots":{"index":"index","follow":"follow","max-snippet":"max-snippet:-1","max-image-preview":"max-image-preview:large","max-video-preview":"max-video-preview:-1"},"canonical":"https:\/\/riduttoridicalibro.it\/fr\/negozio\/reduction-de-la-jauge-12-32-copia-copia-copia-2\/","og_locale":"fr_FR","og_type":"article","og_title":"R\u00e9duction de la jauge 12\/32 (Copia) (Copia) (Copia) - R\u00e9ducteurs de gabarit - Boutique en ligne","og_description":"Avec ce r\u00e9ducteur de calibre pour fusils \u00e0 canon lisse, vous pouvez transformer votre calibre 12 en calibre 32.","og_url":"https:\/\/riduttoridicalibro.it\/fr\/negozio\/reduction-de-la-jauge-12-32-copia-copia-copia-2\/","og_site_name":"R\u00e9ducteurs de gabarit - Boutique en ligne","article_modified_time":"2024-10-15T08:13:23+00:00","og_image":[{"width":1248,"height":1663,"url":"https:\/\/riduttoridicalibro.it\/wp-content\/uploads\/2024\/10\/scura.jpg","type":"image\/jpeg"}],"twitter_card":"summary_large_image","schema":{"@context":"https:\/\/schema.org","@graph":[{"@type":"WebPage","@id":"https:\/\/riduttoridicalibro.it\/fr\/negozio\/reduction-de-la-jauge-12-32-copia-copia-copia-2\/","url":"https:\/\/riduttoridicalibro.it\/fr\/negozio\/reduction-de-la-jauge-12-32-copia-copia-copia-2\/","name":"R\u00e9duction de la jauge 12\/32 (Copia) (Copia) (Copia) - R\u00e9ducteurs de gabarit - Boutique en ligne","isPartOf":{"@id":"https:\/\/riduttoridicalibro.it\/fr\/#website"},"primaryImageOfPage":{"@id":"https:\/\/riduttoridicalibro.it\/fr\/negozio\/reduction-de-la-jauge-12-32-copia-copia-copia-2\/#primaryimage"},"image":{"@id":"https:\/\/riduttoridicalibro.it\/fr\/negozio\/reduction-de-la-jauge-12-32-copia-copia-copia-2\/#primaryimage"},"thumbnailUrl":"https:\/\/riduttoridicalibro.it\/wp-content\/uploads\/2024\/10\/scura-1.jpg","datePublished":"2024-10-15T08:10:57+00:00","dateModified":"2024-10-15T08:13:23+00:00","breadcrumb":{"@id":"https:\/\/riduttoridicalibro.it\/fr\/negozio\/reduction-de-la-jauge-12-32-copia-copia-copia-2\/#breadcrumb"},"inLanguage":"fr-FR","potentialAction":[{"@type":"ReadAction","target":["https:\/\/riduttoridicalibro.it\/fr\/negozio\/reduction-de-la-jauge-12-32-copia-copia-copia-2\/"]}]},{"@type":"ImageObject","inLanguage":"fr-FR","@id":"https:\/\/riduttoridicalibro.it\/fr\/negozio\/reduction-de-la-jauge-12-32-copia-copia-copia-2\/#primaryimage","url":"https:\/\/riduttoridicalibro.it\/wp-content\/uploads\/2024\/10\/scura-1.jpg","contentUrl":"https:\/\/riduttoridicalibro.it\/wp-content\/uploads\/2024\/10\/scura-1.jpg","width":1200,"height":1200},{"@type":"BreadcrumbList","@id":"https:\/\/riduttoridicalibro.it\/fr\/negozio\/reduction-de-la-jauge-12-32-copia-copia-copia-2\/#breadcrumb","itemListElement":[{"@type":"ListItem","position":1,"name":"Home","item":"https:\/\/riduttoridicalibro.it\/fr\/"},{"@type":"ListItem","position":2,"name":"Boutique","item":"https:\/\/riduttoridicalibro.it\/fr\/boutique\/"},{"@type":"ListItem","position":3,"name":"R\u00e9duction de la jauge 12\/32 (Copia) (Copia) (Copia)"}]},{"@type":"WebSite","@id":"https:\/\/riduttoridicalibro.it\/fr\/#website","url":"https:\/\/riduttoridicalibro.it\/fr\/","name":"Riduttori di calibro - Shop online","description":"R\u00e9ducteurs de calibre pour fusils de chasse","publisher":{"@id":"https:\/\/riduttoridicalibro.it\/fr\/#organization"},"potentialAction":[{"@type":"SearchAction","target":{"@type":"EntryPoint","urlTemplate":"https:\/\/riduttoridicalibro.it\/fr\/?s={search_term_string}"},"query-input":{"@type":"PropertyValueSpecification","valueRequired":true,"valueName":"search_term_string"}}],"inLanguage":"fr-FR"},{"@type":"Organization","@id":"https:\/\/riduttoridicalibro.it\/fr\/#organization","name":"Riduttori di calibro","url":"https:\/\/riduttoridicalibro.it\/fr\/","logo":{"@type":"ImageObject","inLanguage":"fr-FR","@id":"https:\/\/riduttoridicalibro.it\/fr\/#\/schema\/logo\/image\/","url":"https:\/\/riduttoridicalibro.it\/wp-content\/uploads\/2022\/09\/RD-lavorazioni-riduttori.png","contentUrl":"https:\/\/riduttoridicalibro.it\/wp-content\/uploads\/2022\/09\/RD-lavorazioni-riduttori.png","width":300,"height":283,"caption":"Riduttori di calibro"},"image":{"@id":"https:\/\/riduttoridicalibro.it\/fr\/#\/schema\/logo\/image\/"}}]}},"_links":{"self":[{"href":"https:\/\/riduttoridicalibro.it\/fr\/wp-json\/wp\/v2\/product\/9095","targetHints":{"allow":["GET"]}}],"collection":[{"href":"https:\/\/riduttoridicalibro.it\/fr\/wp-json\/wp\/v2\/product"}],"about":[{"href":"https:\/\/riduttoridicalibro.it\/fr\/wp-json\/wp\/v2\/types\/product"}],"wp:featuredmedia":[{"embeddable":true,"href":"https:\/\/riduttoridicalibro.it\/fr\/wp-json\/wp\/v2\/media\/9108"}],"wp:attachment":[{"href":"https:\/\/riduttoridicalibro.it\/fr\/wp-json\/wp\/v2\/media?parent=9095"}],"wp:term":[{"taxonomy":"product_brand","embeddable":true,"href":"https:\/\/riduttoridicalibro.it\/fr\/wp-json\/wp\/v2\/product_brand?post=9095"},{"taxonomy":"product_cat","embeddable":true,"href":"https:\/\/riduttoridicalibro.it\/fr\/wp-json\/wp\/v2\/product_cat?post=9095"},{"taxonomy":"product_tag","embeddable":true,"href":"https:\/\/riduttoridicalibro.it\/fr\/wp-json\/wp\/v2\/product_tag?post=9095"}],"curies":[{"name":"wp","href":"https:\/\/api.w.org\/{rel}","templated":true}]}}