{"id":8401,"date":"2021-08-25T07:26:28","date_gmt":"2021-08-25T05:26:28","guid":{"rendered":"https:\/\/riduttoridicalibro.it\/a-propos-de-nous\/"},"modified":"2024-05-07T10:26:00","modified_gmt":"2024-05-07T08:26:00","slug":"a-propos-de-nous","status":"publish","type":"page","link":"https:\/\/riduttoridicalibro.it\/fr\/a-propos-de-nous\/","title":{"rendered":"A propos de nous"},"content":{"rendered":"<section class=\"wpb-content-wrapper\"><p>[vc_row css=\u00a0\u00bb.vc_custom_1629877038080{margin-bottom: 40px !important;}\u00a0\u00bb mobile_bg_img_hidden=\u00a0\u00bbno\u00a0\u00bb tablet_bg_img_hidden=\u00a0\u00bbno\u00a0\u00bb woodmart_parallax=\u00a0\u00bb0&Prime; woodmart_gradient_switch=\u00a0\u00bbno\u00a0\u00bb row_reverse_mobile=\u00a0\u00bb1&Prime; row_reverse_tablet=\u00a0\u00bb1&Prime; woodmart_disable_overflow=\u00a0\u00bb0&Prime; wd_z_index=\u00a0\u00bbno\u00a0\u00bb woodmart_css_id=\u00a0\u00bb6125f32826e3d\u00a0\u00bb responsive_spacing=\u00a0\u00bbeyJwYXJhbV90eXBlIjoid29vZG1hcnRfcmVzcG9uc2l2ZV9zcGFjaW5nIiwic2VsZWN0b3JfaWQiOiI2MTI1ZjMyODI2ZTNkIiwic2hvcnRjb2RlIjoidmNfcm93IiwiZGF0YSI6eyJ0YWJsZXQiOnt9LCJtb2JpbGUiOnsibWFyZ2luLWJvdHRvbSI6IjIwIn19fQ==\u00a0\u00bb][vc_column css=\u00a0\u00bb.vc_custom_1629877010833{margin-bottom: 40px !important;padding-top: 0px !important;}\u00a0\u00bb mobile_bg_img_hidden=\u00a0\u00bbno\u00a0\u00bb tablet_bg_img_hidden=\u00a0\u00bbno\u00a0\u00bb woodmart_parallax=\u00a0\u00bb0&Prime; woodmart_sticky_column=\u00a0\u00bbfalse\u00a0\u00bb parallax_scroll=\u00a0\u00bbno\u00a0\u00bb mobile_reset_margin=\u00a0\u00bbno\u00a0\u00bb tablet_reset_margin=\u00a0\u00bbno\u00a0\u00bb offset=\u00a0\u00bbvc_col-lg-6 vc_col-md-6&Prime; wd_z_index=\u00a0\u00bbno\u00a0\u00bb woodmart_css_id=\u00a0\u00bb6125f30edad72&Prime; responsive_spacing=\u00a0\u00bbeyJwYXJhbV90eXBlIjoid29vZG1hcnRfcmVzcG9uc2l2ZV9zcGFjaW5nIiwic2VsZWN0b3JfaWQiOiI2MTI1ZjMwZWRhZDcyIiwic2hvcnRjb2RlIjoidmNfY29sdW1uIiwiZGF0YSI6eyJ0YWJsZXQiOnt9LCJtb2JpbGUiOnt9fX0=\u00a0\u00bb]\t\t<div id=\"wd-632a2c796e2df\" class=\"wd-image wd-wpb wd-rs-632a2c796e2df text-left vc_custom_1663708290774\">\n\t\t\t\n\t\t\t<img loading=\"lazy\" decoding=\"async\" width=\"900\" height=\"582\" src=\"https:\/\/riduttoridicalibro.it\/wp-content\/uploads\/2022\/09\/RD_lavorazioni-chi-siamo_3.jpg\" class=\"attachment-full size-full\" alt=\"\" srcset=\"https:\/\/riduttoridicalibro.it\/wp-content\/uploads\/2022\/09\/RD_lavorazioni-chi-siamo_3.jpg 900w, https:\/\/riduttoridicalibro.it\/wp-content\/uploads\/2022\/09\/RD_lavorazioni-chi-siamo_3-430x278.jpg 430w, https:\/\/riduttoridicalibro.it\/wp-content\/uploads\/2022\/09\/RD_lavorazioni-chi-siamo_3-150x97.jpg 150w, https:\/\/riduttoridicalibro.it\/wp-content\/uploads\/2022\/09\/RD_lavorazioni-chi-siamo_3-700x453.jpg 700w, https:\/\/riduttoridicalibro.it\/wp-content\/uploads\/2022\/09\/RD_lavorazioni-chi-siamo_3-400x259.jpg 400w, https:\/\/riduttoridicalibro.it\/wp-content\/uploads\/2022\/09\/RD_lavorazioni-chi-siamo_3-768x497.jpg 768w, https:\/\/riduttoridicalibro.it\/wp-content\/uploads\/2022\/09\/RD_lavorazioni-chi-siamo_3-860x556.jpg 860w\" sizes=\"auto, (max-width: 900px) 100vw, 900px\" \/>\n\t\t\t\t\t<\/div>\n\t\t[vc_empty_space woodmart_hide_large=\u00a0\u00bb0&Prime; woodmart_hide_medium=\u00a0\u00bb0&Prime; woodmart_hide_small=\u00a0\u00bb0&Prime;]\t\t<div id=\"wd-632a2ed68199f\" class=\"wd-image wd-wpb wd-rs-632a2ed68199f text-left vc_custom_1663708968442\">\n\t\t\t\n\t\t\t<img loading=\"lazy\" decoding=\"async\" width=\"900\" height=\"600\" src=\"https:\/\/riduttoridicalibro.it\/wp-content\/uploads\/2022\/09\/cacciatore-adattaotre-calibro.jpg\" class=\"attachment-full size-full\" alt=\"\" srcset=\"https:\/\/riduttoridicalibro.it\/wp-content\/uploads\/2022\/09\/cacciatore-adattaotre-calibro.jpg 900w, https:\/\/riduttoridicalibro.it\/wp-content\/uploads\/2022\/09\/cacciatore-adattaotre-calibro-430x287.jpg 430w, https:\/\/riduttoridicalibro.it\/wp-content\/uploads\/2022\/09\/cacciatore-adattaotre-calibro-150x100.jpg 150w, https:\/\/riduttoridicalibro.it\/wp-content\/uploads\/2022\/09\/cacciatore-adattaotre-calibro-700x467.jpg 700w, https:\/\/riduttoridicalibro.it\/wp-content\/uploads\/2022\/09\/cacciatore-adattaotre-calibro-400x267.jpg 400w, https:\/\/riduttoridicalibro.it\/wp-content\/uploads\/2022\/09\/cacciatore-adattaotre-calibro-768x512.jpg 768w, https:\/\/riduttoridicalibro.it\/wp-content\/uploads\/2022\/09\/cacciatore-adattaotre-calibro-860x573.jpg 860w\" sizes=\"auto, (max-width: 900px) 100vw, 900px\" \/>\n\t\t\t\t\t<\/div>\n\t\t[\/vc_column][vc_column css=\u00a0\u00bb.vc_custom_1629877027060{margin-bottom: 40px !important;padding-top: 40px !important;}\u00a0\u00bb mobile_bg_img_hidden=\u00a0\u00bbno\u00a0\u00bb tablet_bg_img_hidden=\u00a0\u00bbno\u00a0\u00bb woodmart_parallax=\u00a0\u00bb0&Prime; woodmart_sticky_column=\u00a0\u00bbfalse\u00a0\u00bb parallax_scroll=\u00a0\u00bbno\u00a0\u00bb mobile_reset_margin=\u00a0\u00bbno\u00a0\u00bb tablet_reset_margin=\u00a0\u00bbno\u00a0\u00bb offset=\u00a0\u00bbvc_col-lg-offset-1 vc_col-lg-5 vc_col-md-6 vc_col-xs-12&Prime; wd_z_index=\u00a0\u00bbno\u00a0\u00bb woodmart_css_id=\u00a0\u00bb6125f320eb687&Prime; responsive_spacing=\u00a0\u00bbeyJwYXJhbV90eXBlIjoid29vZG1hcnRfcmVzcG9uc2l2ZV9zcGFjaW5nIiwic2VsZWN0b3JfaWQiOiI2MTI1ZjMyMGViNjg3Iiwic2hvcnRjb2RlIjoidmNfY29sdW1uIiwiZGF0YSI6eyJ0YWJsZXQiOnt9LCJtb2JpbGUiOnsicGFkZGluZy10b3AiOiIwIn19fQ==\u00a0\u00bb]\n\t\t<div id=\"wd-632a2c8511555\" class=\"title-wrapper wd-wpb set-mb-s reset-last-child  wd-rs-632a2c8511555 wd-title-color-primary wd-title-style-default text-left vc_custom_1663708343216 wd-underline-colored\">\n\t\t\t\t\t\t\t<div class=\"title-subtitle  subtitle-color-primary font-default subtitle-style-default wd-font-weight-600 wd-fontsize-xs\">Depuis 1990<\/div>\n\t\t\t\n\t\t\t<div class=\"liner-continer\">\n\t\t\t\t<h4 class=\"woodmart-title-container title  wd-font-weight- wd-fontsize-xxl\" >RD MACHINING<\/h4>\n\t\t\t\t\t\t\t<\/div>\n\t\t\t\n\t\t\t\n\t\t\t\n\t\t<\/div>\n\t\t\n\t\t\t\t<div id=\"wd-632a2cb96539b\" class=\"wd-text-block wd-wpb reset-last-child wd-rs-632a2cb96539b text-left wd-width-enabled wd-fontsize-s vc_custom_1663708383885\" style=\"--wd-max-width: 90%;\">\n\t\t\t<p><i>nous faisons de l&rsquo;usinage \u00e0 fa\u00e7on, du filetage, du fraisage \u00e0 commande num\u00e9rique.<\/i><\/p>\n\t\t<\/div>\n\t\t\t\t<div id=\"wd-632a2ce30d1b0\" class=\"wd-text-block wd-wpb reset-last-child wd-rs-632a2ce30d1b0 text-left wd-fontsize-custom vc_custom_1663708421492\">\n\t\t\t<p>Bas\u00e9e \u00e0 Gardone Val trompia (Brescia), l&rsquo;entreprise s&rsquo;est d\u00e9velopp\u00e9e au fil des ans pour employer six personnes, s&rsquo;imposant comme une entreprise fiable et de qualit\u00e9, tant au niveau local que dans le nord de l&rsquo;Italie.<\/p>\n<p>RD s&rsquo;occupe principalement de l&rsquo;usinage m\u00e9canique de pi\u00e8ces moul\u00e9es sous pression dans les domaines de l&rsquo;automobile, de l&rsquo;\u00e9lectrom\u00e9nager et de l&rsquo;\u00e9lectronique, sur lesquelles sont effectu\u00e9s le per\u00e7age, le filetage, le tournage et l&rsquo;\u00e9bavurage de morceaux ou d&rsquo;\u00e9l\u00e9ments moul\u00e9s, ainsi que d&rsquo;assemblages.<\/p>\n\t\t<\/div>\n\t\t\n\t\t<div id=\"wd-632b350e7d81a\" class=\"title-wrapper wd-wpb set-mb-s reset-last-child  wd-rs-632b350e7d81a wd-title-color-primary wd-title-style-default text-left vc_custom_1663776017374 wd-underline-colored\">\n\t\t\t\t\t\t\t<div class=\"title-subtitle  subtitle-color-primary font-default subtitle-style-default wd-font-weight-600 wd-fontsize-xs\">\u00c0 partir de 2020<\/div>\n\t\t\t\n\t\t\t<div class=\"liner-continer\">\n\t\t\t\t<h4 class=\"woodmart-title-container title  wd-font-weight- wd-fontsize-xxl\" >NOUS AVONS CON\u00c7U ET D\u00c9VELOPP\u00c9<\/h4>\n\t\t\t\t\t\t\t<\/div>\n\t\t\t\n\t\t\t\t\t\t\t<div class=\"title-after_title  set-cont-mb-s reset-last-child  wd-fontsize-s\">Un produit pour les chasseurs, un r\u00e9ducteur de calibre pour les fusils \u00e0 canon lisse.<\/div>\n\t\t\t\n\t\t\t\n\t\t<\/div>\n\t\t\n\t\t\t\t<div id=\"wd-632a2eb96079d\" class=\"wd-text-block wd-wpb reset-last-child wd-rs-632a2eb96079d text-left wd-fontsize-custom vc_custom_1663708875378\">\n\t\t\t<p>En partant d&rsquo;un seul adaptateur, nous avons optimis\u00e9 et affin\u00e9 notre conception jusqu&rsquo;\u00e0 ce que nous obtenions la combinaison parfaite de confort et d&rsquo;efficacit\u00e9 dans l&rsquo;utilisation.<\/p>\n<p>Un produit d\u00e9j\u00e0 appr\u00e9ci\u00e9 par les chasseurs ces derni\u00e8res ann\u00e9es, \u00e0 partir de 2022 il sera possible de l&rsquo;acheter en ligne sur ce site.<\/p>\n\t\t<\/div>\n\t\t[\/vc_column][\/vc_row]<\/p>\n<\/section>","protected":false},"excerpt":{"rendered":"<p>[vc_row css=\u00a0\u00bb.vc_custom_1629877038080{margin-bottom: 40px !important;}\u00a0\u00bb mobile_bg_img_hidden=\u00a0\u00bbno\u00a0\u00bb tablet_bg_img_hidden=\u00a0\u00bbno\u00a0\u00bb woodmart_parallax=\u00a0\u00bb0&Prime; woodmart_gradient_switch=\u00a0\u00bbno\u00a0\u00bb row_reverse_mobile=\u00a0\u00bb1&Prime; row_reverse_tablet=\u00a0\u00bb1&Prime; woodmart_disable_overflow=\u00a0\u00bb0&Prime; wd_z_index=\u00a0\u00bbno\u00a0\u00bb woodmart_css_id=\u00a0\u00bb6125f32826e3d\u00a0\u00bb responsive_spacing=\u00a0\u00bbeyJwYXJhbV90eXBlIjoid29vZG1hcnRfcmVzcG9uc2l2ZV9zcGFjaW5nIiwic2VsZWN0b3JfaWQiOiI2MTI1ZjMyODI2ZTNkIiwic2hvcnRjb2RlIjoidmNfcm93IiwiZGF0YSI6eyJ0YWJsZXQiOnt9LCJtb2JpbGUiOnsibWFyZ2luLWJvdHRvbSI6IjIwIn19fQ==\u00a0\u00bb][vc_column css=\u00a0\u00bb.vc_custom_1629877010833{margin-bottom: 40px !important;padding-top: 0px !important;}\u00a0\u00bb mobile_bg_img_hidden=\u00a0\u00bbno\u00a0\u00bb<\/p>\n","protected":false},"author":1,"featured_media":0,"parent":0,"menu_order":0,"comment_status":"closed","ping_status":"closed","template":"","meta":{"footnotes":""},"class_list":["post-8401","page","type-page","status-publish","hentry"],"yoast_head":"<!-- This site is optimized with the Yoast SEO plugin v25.6 - https:\/\/yoast.com\/wordpress\/plugins\/seo\/ -->\n<title>A propos de nous - R\u00e9ducteurs de gabarit - Boutique en ligne<\/title>\n<meta name=\"robots\" content=\"index, follow, max-snippet:-1, max-image-preview:large, max-video-preview:-1\" \/>\n<link rel=\"canonical\" href=\"https:\/\/riduttoridicalibro.it\/fr\/a-propos-de-nous\/\" \/>\n<meta property=\"og:locale\" content=\"fr_FR\" \/>\n<meta property=\"og:type\" content=\"article\" \/>\n<meta property=\"og:title\" content=\"A propos de nous - R\u00e9ducteurs de gabarit - Boutique en ligne\" \/>\n<meta property=\"og:description\" content=\"[vc_row css=\u00a0\u00bb.vc_custom_1629877038080{margin-bottom: 40px !important;}\u00a0\u00bb mobile_bg_img_hidden=\u00a0\u00bbno\u00a0\u00bb tablet_bg_img_hidden=\u00a0\u00bbno\u00a0\u00bb woodmart_parallax=\u00a0\u00bb0&Prime; woodmart_gradient_switch=\u00a0\u00bbno\u00a0\u00bb row_reverse_mobile=\u00a0\u00bb1&Prime; row_reverse_tablet=\u00a0\u00bb1&Prime; woodmart_disable_overflow=\u00a0\u00bb0&Prime; wd_z_index=\u00a0\u00bbno\u00a0\u00bb woodmart_css_id=\u00a0\u00bb6125f32826e3d\u00a0\u00bb responsive_spacing=\u00a0\u00bbeyJwYXJhbV90eXBlIjoid29vZG1hcnRfcmVzcG9uc2l2ZV9zcGFjaW5nIiwic2VsZWN0b3JfaWQiOiI2MTI1ZjMyODI2ZTNkIiwic2hvcnRjb2RlIjoidmNfcm93IiwiZGF0YSI6eyJ0YWJsZXQiOnt9LCJtb2JpbGUiOnsibWFyZ2luLWJvdHRvbSI6IjIwIn19fQ==\u00a0\u00bb][vc_column css=\u00a0\u00bb.vc_custom_1629877010833{margin-bottom: 40px !important;padding-top: 0px !important;}\u00a0\u00bb mobile_bg_img_hidden=\u00a0\u00bbno\u00a0\u00bb\" \/>\n<meta property=\"og:url\" content=\"https:\/\/riduttoridicalibro.it\/fr\/a-propos-de-nous\/\" \/>\n<meta property=\"og:site_name\" content=\"R\u00e9ducteurs de gabarit - Boutique en ligne\" \/>\n<meta property=\"article:modified_time\" content=\"2024-05-07T08:26:00+00:00\" \/>\n<meta name=\"twitter:card\" content=\"summary_large_image\" \/>\n<meta name=\"twitter:label1\" content=\"Dur\u00e9e de lecture estim\u00e9e\" \/>\n\t<meta name=\"twitter:data1\" content=\"5 minutes\" \/>\n<script type=\"application\/ld+json\" class=\"yoast-schema-graph\">{\"@context\":\"https:\/\/schema.org\",\"@graph\":[{\"@type\":\"WebPage\",\"@id\":\"https:\/\/riduttoridicalibro.it\/fr\/a-propos-de-nous\/\",\"url\":\"https:\/\/riduttoridicalibro.it\/fr\/a-propos-de-nous\/\",\"name\":\"A propos de nous - R\u00e9ducteurs de gabarit - Boutique en ligne\",\"isPartOf\":{\"@id\":\"https:\/\/riduttoridicalibro.it\/fr\/#website\"},\"datePublished\":\"2021-08-25T05:26:28+00:00\",\"dateModified\":\"2024-05-07T08:26:00+00:00\",\"breadcrumb\":{\"@id\":\"https:\/\/riduttoridicalibro.it\/fr\/a-propos-de-nous\/#breadcrumb\"},\"inLanguage\":\"fr-FR\",\"potentialAction\":[{\"@type\":\"ReadAction\",\"target\":[\"https:\/\/riduttoridicalibro.it\/fr\/a-propos-de-nous\/\"]}]},{\"@type\":\"BreadcrumbList\",\"@id\":\"https:\/\/riduttoridicalibro.it\/fr\/a-propos-de-nous\/#breadcrumb\",\"itemListElement\":[{\"@type\":\"ListItem\",\"position\":1,\"name\":\"Home\",\"item\":\"https:\/\/riduttoridicalibro.it\/fr\/\"},{\"@type\":\"ListItem\",\"position\":2,\"name\":\"A propos de nous\"}]},{\"@type\":\"WebSite\",\"@id\":\"https:\/\/riduttoridicalibro.it\/fr\/#website\",\"url\":\"https:\/\/riduttoridicalibro.it\/fr\/\",\"name\":\"Riduttori di calibro - Shop online\",\"description\":\"R\u00e9ducteurs de calibre pour fusils de chasse\",\"publisher\":{\"@id\":\"https:\/\/riduttoridicalibro.it\/fr\/#organization\"},\"potentialAction\":[{\"@type\":\"SearchAction\",\"target\":{\"@type\":\"EntryPoint\",\"urlTemplate\":\"https:\/\/riduttoridicalibro.it\/fr\/?s={search_term_string}\"},\"query-input\":{\"@type\":\"PropertyValueSpecification\",\"valueRequired\":true,\"valueName\":\"search_term_string\"}}],\"inLanguage\":\"fr-FR\"},{\"@type\":\"Organization\",\"@id\":\"https:\/\/riduttoridicalibro.it\/fr\/#organization\",\"name\":\"Riduttori di calibro\",\"url\":\"https:\/\/riduttoridicalibro.it\/fr\/\",\"logo\":{\"@type\":\"ImageObject\",\"inLanguage\":\"fr-FR\",\"@id\":\"https:\/\/riduttoridicalibro.it\/fr\/#\/schema\/logo\/image\/\",\"url\":\"https:\/\/riduttoridicalibro.it\/wp-content\/uploads\/2022\/09\/RD-lavorazioni-riduttori.png\",\"contentUrl\":\"https:\/\/riduttoridicalibro.it\/wp-content\/uploads\/2022\/09\/RD-lavorazioni-riduttori.png\",\"width\":300,\"height\":283,\"caption\":\"Riduttori di calibro\"},\"image\":{\"@id\":\"https:\/\/riduttoridicalibro.it\/fr\/#\/schema\/logo\/image\/\"}}]}<\/script>\n<!-- \/ Yoast SEO plugin. -->","yoast_head_json":{"title":"A propos de nous - R\u00e9ducteurs de gabarit - Boutique en ligne","robots":{"index":"index","follow":"follow","max-snippet":"max-snippet:-1","max-image-preview":"max-image-preview:large","max-video-preview":"max-video-preview:-1"},"canonical":"https:\/\/riduttoridicalibro.it\/fr\/a-propos-de-nous\/","og_locale":"fr_FR","og_type":"article","og_title":"A propos de nous - R\u00e9ducteurs de gabarit - Boutique en ligne","og_description":"[vc_row css=\u00a0\u00bb.vc_custom_1629877038080{margin-bottom: 40px !important;}\u00a0\u00bb mobile_bg_img_hidden=\u00a0\u00bbno\u00a0\u00bb tablet_bg_img_hidden=\u00a0\u00bbno\u00a0\u00bb woodmart_parallax=\u00a0\u00bb0&Prime; woodmart_gradient_switch=\u00a0\u00bbno\u00a0\u00bb row_reverse_mobile=\u00a0\u00bb1&Prime; row_reverse_tablet=\u00a0\u00bb1&Prime; woodmart_disable_overflow=\u00a0\u00bb0&Prime; wd_z_index=\u00a0\u00bbno\u00a0\u00bb woodmart_css_id=\u00a0\u00bb6125f32826e3d\u00a0\u00bb responsive_spacing=\u00a0\u00bbeyJwYXJhbV90eXBlIjoid29vZG1hcnRfcmVzcG9uc2l2ZV9zcGFjaW5nIiwic2VsZWN0b3JfaWQiOiI2MTI1ZjMyODI2ZTNkIiwic2hvcnRjb2RlIjoidmNfcm93IiwiZGF0YSI6eyJ0YWJsZXQiOnt9LCJtb2JpbGUiOnsibWFyZ2luLWJvdHRvbSI6IjIwIn19fQ==\u00a0\u00bb][vc_column css=\u00a0\u00bb.vc_custom_1629877010833{margin-bottom: 40px !important;padding-top: 0px !important;}\u00a0\u00bb mobile_bg_img_hidden=\u00a0\u00bbno\u00a0\u00bb","og_url":"https:\/\/riduttoridicalibro.it\/fr\/a-propos-de-nous\/","og_site_name":"R\u00e9ducteurs de gabarit - Boutique en ligne","article_modified_time":"2024-05-07T08:26:00+00:00","twitter_card":"summary_large_image","twitter_misc":{"Dur\u00e9e de lecture estim\u00e9e":"5 minutes"},"schema":{"@context":"https:\/\/schema.org","@graph":[{"@type":"WebPage","@id":"https:\/\/riduttoridicalibro.it\/fr\/a-propos-de-nous\/","url":"https:\/\/riduttoridicalibro.it\/fr\/a-propos-de-nous\/","name":"A propos de nous - R\u00e9ducteurs de gabarit - Boutique en ligne","isPartOf":{"@id":"https:\/\/riduttoridicalibro.it\/fr\/#website"},"datePublished":"2021-08-25T05:26:28+00:00","dateModified":"2024-05-07T08:26:00+00:00","breadcrumb":{"@id":"https:\/\/riduttoridicalibro.it\/fr\/a-propos-de-nous\/#breadcrumb"},"inLanguage":"fr-FR","potentialAction":[{"@type":"ReadAction","target":["https:\/\/riduttoridicalibro.it\/fr\/a-propos-de-nous\/"]}]},{"@type":"BreadcrumbList","@id":"https:\/\/riduttoridicalibro.it\/fr\/a-propos-de-nous\/#breadcrumb","itemListElement":[{"@type":"ListItem","position":1,"name":"Home","item":"https:\/\/riduttoridicalibro.it\/fr\/"},{"@type":"ListItem","position":2,"name":"A propos de nous"}]},{"@type":"WebSite","@id":"https:\/\/riduttoridicalibro.it\/fr\/#website","url":"https:\/\/riduttoridicalibro.it\/fr\/","name":"Riduttori di calibro - Shop online","description":"R\u00e9ducteurs de calibre pour fusils de chasse","publisher":{"@id":"https:\/\/riduttoridicalibro.it\/fr\/#organization"},"potentialAction":[{"@type":"SearchAction","target":{"@type":"EntryPoint","urlTemplate":"https:\/\/riduttoridicalibro.it\/fr\/?s={search_term_string}"},"query-input":{"@type":"PropertyValueSpecification","valueRequired":true,"valueName":"search_term_string"}}],"inLanguage":"fr-FR"},{"@type":"Organization","@id":"https:\/\/riduttoridicalibro.it\/fr\/#organization","name":"Riduttori di calibro","url":"https:\/\/riduttoridicalibro.it\/fr\/","logo":{"@type":"ImageObject","inLanguage":"fr-FR","@id":"https:\/\/riduttoridicalibro.it\/fr\/#\/schema\/logo\/image\/","url":"https:\/\/riduttoridicalibro.it\/wp-content\/uploads\/2022\/09\/RD-lavorazioni-riduttori.png","contentUrl":"https:\/\/riduttoridicalibro.it\/wp-content\/uploads\/2022\/09\/RD-lavorazioni-riduttori.png","width":300,"height":283,"caption":"Riduttori di calibro"},"image":{"@id":"https:\/\/riduttoridicalibro.it\/fr\/#\/schema\/logo\/image\/"}}]}},"_links":{"self":[{"href":"https:\/\/riduttoridicalibro.it\/fr\/wp-json\/wp\/v2\/pages\/8401","targetHints":{"allow":["GET"]}}],"collection":[{"href":"https:\/\/riduttoridicalibro.it\/fr\/wp-json\/wp\/v2\/pages"}],"about":[{"href":"https:\/\/riduttoridicalibro.it\/fr\/wp-json\/wp\/v2\/types\/page"}],"author":[{"embeddable":true,"href":"https:\/\/riduttoridicalibro.it\/fr\/wp-json\/wp\/v2\/users\/1"}],"replies":[{"embeddable":true,"href":"https:\/\/riduttoridicalibro.it\/fr\/wp-json\/wp\/v2\/comments?post=8401"}],"version-history":[{"count":1,"href":"https:\/\/riduttoridicalibro.it\/fr\/wp-json\/wp\/v2\/pages\/8401\/revisions"}],"predecessor-version":[{"id":8406,"href":"https:\/\/riduttoridicalibro.it\/fr\/wp-json\/wp\/v2\/pages\/8401\/revisions\/8406"}],"wp:attachment":[{"href":"https:\/\/riduttoridicalibro.it\/fr\/wp-json\/wp\/v2\/media?parent=8401"}],"curies":[{"name":"wp","href":"https:\/\/api.w.org\/{rel}","templated":true}]}}