{"id":8454,"date":"2022-09-20T21:02:47","date_gmt":"2022-09-20T19:02:47","guid":{"rendered":"https:\/\/riduttoridicalibro.it\/negozio\/20-36-spurweite-reduktion-lang\/"},"modified":"2022-09-20T21:02:47","modified_gmt":"2022-09-20T19:02:47","slug":"20-36-spurweite-reduktion-lang","status":"publish","type":"product","link":"https:\/\/riduttoridicalibro.it\/de\/negozio\/20-36-spurweite-reduktion-lang\/","title":{"rendered":"20\/36 Spurweite Reduktion lang"},"content":{"rendered":"<p>Mit diesem Kaliberreduzierer f\u00fcr Glattrohrflinten k\u00f6nnen Sie Ihr <strong>20er Kaliber<\/strong> auf eine<strong> 36 &#8211; 410 &#8211; 410 Magnum <\/strong>reduzieren. Diese Reduzierung ist die lange Version<\/p>\n","protected":false},"excerpt":{"rendered":"<p>Mit diesem Kaliberreduzierer f\u00fcr Glattrohrflinten k\u00f6nnen Sie Ihr 20er Kaliber auf eine 36 &#8211; 410 &#8211; 410 Magnum reduzieren. Diese<\/p>\n","protected":false},"featured_media":8351,"template":"","meta":[],"product_brand":[],"product_cat":[200],"product_tag":[],"class_list":{"0":"post-8454","1":"product","2":"type-product","3":"status-publish","4":"has-post-thumbnail","6":"product_cat-unkategorisiert","7":"pa_calibro-di-partenza-20-de","8":"pa_calibro-ridotto-36-de","10":"first","11":"instock","12":"taxable","13":"shipping-taxable","14":"purchasable","15":"product-type-simple"},"yoast_head":"<!-- This site is optimized with the Yoast SEO plugin v25.6 - https:\/\/yoast.com\/wordpress\/plugins\/seo\/ -->\n<title>20\/36 Spurweite Reduktion lang - Reduzierst\u00fccke - Online Gesch\u00e4ft<\/title>\n<meta name=\"robots\" content=\"index, follow, max-snippet:-1, max-image-preview:large, max-video-preview:-1\" \/>\n<link rel=\"canonical\" href=\"https:\/\/riduttoridicalibro.it\/de\/negozio\/20-36-spurweite-reduktion-lang\/\" \/>\n<meta property=\"og:locale\" content=\"de_DE\" \/>\n<meta property=\"og:type\" content=\"article\" \/>\n<meta property=\"og:title\" content=\"20\/36 Spurweite Reduktion lang - Reduzierst\u00fccke - Online Gesch\u00e4ft\" \/>\n<meta property=\"og:description\" content=\"Mit diesem Kaliberreduzierer f\u00fcr Glattrohrflinten k\u00f6nnen Sie Ihr 20er Kaliber auf eine 36 &#8211; 410 &#8211; 410 Magnum reduzieren. Diese\" \/>\n<meta property=\"og:url\" content=\"https:\/\/riduttoridicalibro.it\/de\/negozio\/20-36-spurweite-reduktion-lang\/\" \/>\n<meta property=\"og:site_name\" content=\"Reduzierst\u00fccke - Online Gesch\u00e4ft\" \/>\n<meta property=\"og:image\" content=\"https:\/\/riduttoridicalibro.it\/wp-content\/uploads\/2022\/09\/20_36-lunga.jpg\" \/>\n\t<meta property=\"og:image:width\" content=\"1200\" \/>\n\t<meta property=\"og:image:height\" content=\"1200\" \/>\n\t<meta property=\"og:image:type\" content=\"image\/jpeg\" \/>\n<meta name=\"twitter:card\" content=\"summary_large_image\" \/>\n<script type=\"application\/ld+json\" class=\"yoast-schema-graph\">{\"@context\":\"https:\/\/schema.org\",\"@graph\":[{\"@type\":\"WebPage\",\"@id\":\"https:\/\/riduttoridicalibro.it\/de\/negozio\/20-36-spurweite-reduktion-lang\/\",\"url\":\"https:\/\/riduttoridicalibro.it\/de\/negozio\/20-36-spurweite-reduktion-lang\/\",\"name\":\"20\/36 Spurweite Reduktion lang - Reduzierst\u00fccke - Online Gesch\u00e4ft\",\"isPartOf\":{\"@id\":\"https:\/\/riduttoridicalibro.it\/de\/#website\"},\"primaryImageOfPage\":{\"@id\":\"https:\/\/riduttoridicalibro.it\/de\/negozio\/20-36-spurweite-reduktion-lang\/#primaryimage\"},\"image\":{\"@id\":\"https:\/\/riduttoridicalibro.it\/de\/negozio\/20-36-spurweite-reduktion-lang\/#primaryimage\"},\"thumbnailUrl\":\"https:\/\/riduttoridicalibro.it\/wp-content\/uploads\/2022\/09\/20_36-lunga.jpg\",\"datePublished\":\"2022-09-20T19:02:47+00:00\",\"breadcrumb\":{\"@id\":\"https:\/\/riduttoridicalibro.it\/de\/negozio\/20-36-spurweite-reduktion-lang\/#breadcrumb\"},\"inLanguage\":\"de\",\"potentialAction\":[{\"@type\":\"ReadAction\",\"target\":[\"https:\/\/riduttoridicalibro.it\/de\/negozio\/20-36-spurweite-reduktion-lang\/\"]}]},{\"@type\":\"ImageObject\",\"inLanguage\":\"de\",\"@id\":\"https:\/\/riduttoridicalibro.it\/de\/negozio\/20-36-spurweite-reduktion-lang\/#primaryimage\",\"url\":\"https:\/\/riduttoridicalibro.it\/wp-content\/uploads\/2022\/09\/20_36-lunga.jpg\",\"contentUrl\":\"https:\/\/riduttoridicalibro.it\/wp-content\/uploads\/2022\/09\/20_36-lunga.jpg\",\"width\":1200,\"height\":1200},{\"@type\":\"BreadcrumbList\",\"@id\":\"https:\/\/riduttoridicalibro.it\/de\/negozio\/20-36-spurweite-reduktion-lang\/#breadcrumb\",\"itemListElement\":[{\"@type\":\"ListItem\",\"position\":1,\"name\":\"Home\",\"item\":\"https:\/\/riduttoridicalibro.it\/de\/\"},{\"@type\":\"ListItem\",\"position\":2,\"name\":\"Shop\",\"item\":\"https:\/\/riduttoridicalibro.it\/de\/shop\/\"},{\"@type\":\"ListItem\",\"position\":3,\"name\":\"20\/36 Spurweite Reduktion lang\"}]},{\"@type\":\"WebSite\",\"@id\":\"https:\/\/riduttoridicalibro.it\/de\/#website\",\"url\":\"https:\/\/riduttoridicalibro.it\/de\/\",\"name\":\"Riduttori di calibro - Shop online\",\"description\":\"Kaliberreduzierer f\u00fcr Schrotflinten\",\"publisher\":{\"@id\":\"https:\/\/riduttoridicalibro.it\/de\/#organization\"},\"potentialAction\":[{\"@type\":\"SearchAction\",\"target\":{\"@type\":\"EntryPoint\",\"urlTemplate\":\"https:\/\/riduttoridicalibro.it\/de\/?s={search_term_string}\"},\"query-input\":{\"@type\":\"PropertyValueSpecification\",\"valueRequired\":true,\"valueName\":\"search_term_string\"}}],\"inLanguage\":\"de\"},{\"@type\":\"Organization\",\"@id\":\"https:\/\/riduttoridicalibro.it\/de\/#organization\",\"name\":\"Riduttori di calibro\",\"url\":\"https:\/\/riduttoridicalibro.it\/de\/\",\"logo\":{\"@type\":\"ImageObject\",\"inLanguage\":\"de\",\"@id\":\"https:\/\/riduttoridicalibro.it\/de\/#\/schema\/logo\/image\/\",\"url\":\"https:\/\/riduttoridicalibro.it\/wp-content\/uploads\/2022\/09\/RD-lavorazioni-riduttori.png\",\"contentUrl\":\"https:\/\/riduttoridicalibro.it\/wp-content\/uploads\/2022\/09\/RD-lavorazioni-riduttori.png\",\"width\":300,\"height\":283,\"caption\":\"Riduttori di calibro\"},\"image\":{\"@id\":\"https:\/\/riduttoridicalibro.it\/de\/#\/schema\/logo\/image\/\"}}]}<\/script>\n<!-- \/ Yoast SEO plugin. -->","yoast_head_json":{"title":"20\/36 Spurweite Reduktion lang - Reduzierst\u00fccke - Online Gesch\u00e4ft","robots":{"index":"index","follow":"follow","max-snippet":"max-snippet:-1","max-image-preview":"max-image-preview:large","max-video-preview":"max-video-preview:-1"},"canonical":"https:\/\/riduttoridicalibro.it\/de\/negozio\/20-36-spurweite-reduktion-lang\/","og_locale":"de_DE","og_type":"article","og_title":"20\/36 Spurweite Reduktion lang - Reduzierst\u00fccke - Online Gesch\u00e4ft","og_description":"Mit diesem Kaliberreduzierer f\u00fcr Glattrohrflinten k\u00f6nnen Sie Ihr 20er Kaliber auf eine 36 &#8211; 410 &#8211; 410 Magnum reduzieren. Diese","og_url":"https:\/\/riduttoridicalibro.it\/de\/negozio\/20-36-spurweite-reduktion-lang\/","og_site_name":"Reduzierst\u00fccke - Online Gesch\u00e4ft","og_image":[{"width":1200,"height":1200,"url":"https:\/\/riduttoridicalibro.it\/wp-content\/uploads\/2022\/09\/20_36-lunga.jpg","type":"image\/jpeg"}],"twitter_card":"summary_large_image","schema":{"@context":"https:\/\/schema.org","@graph":[{"@type":"WebPage","@id":"https:\/\/riduttoridicalibro.it\/de\/negozio\/20-36-spurweite-reduktion-lang\/","url":"https:\/\/riduttoridicalibro.it\/de\/negozio\/20-36-spurweite-reduktion-lang\/","name":"20\/36 Spurweite Reduktion lang - Reduzierst\u00fccke - Online Gesch\u00e4ft","isPartOf":{"@id":"https:\/\/riduttoridicalibro.it\/de\/#website"},"primaryImageOfPage":{"@id":"https:\/\/riduttoridicalibro.it\/de\/negozio\/20-36-spurweite-reduktion-lang\/#primaryimage"},"image":{"@id":"https:\/\/riduttoridicalibro.it\/de\/negozio\/20-36-spurweite-reduktion-lang\/#primaryimage"},"thumbnailUrl":"https:\/\/riduttoridicalibro.it\/wp-content\/uploads\/2022\/09\/20_36-lunga.jpg","datePublished":"2022-09-20T19:02:47+00:00","breadcrumb":{"@id":"https:\/\/riduttoridicalibro.it\/de\/negozio\/20-36-spurweite-reduktion-lang\/#breadcrumb"},"inLanguage":"de","potentialAction":[{"@type":"ReadAction","target":["https:\/\/riduttoridicalibro.it\/de\/negozio\/20-36-spurweite-reduktion-lang\/"]}]},{"@type":"ImageObject","inLanguage":"de","@id":"https:\/\/riduttoridicalibro.it\/de\/negozio\/20-36-spurweite-reduktion-lang\/#primaryimage","url":"https:\/\/riduttoridicalibro.it\/wp-content\/uploads\/2022\/09\/20_36-lunga.jpg","contentUrl":"https:\/\/riduttoridicalibro.it\/wp-content\/uploads\/2022\/09\/20_36-lunga.jpg","width":1200,"height":1200},{"@type":"BreadcrumbList","@id":"https:\/\/riduttoridicalibro.it\/de\/negozio\/20-36-spurweite-reduktion-lang\/#breadcrumb","itemListElement":[{"@type":"ListItem","position":1,"name":"Home","item":"https:\/\/riduttoridicalibro.it\/de\/"},{"@type":"ListItem","position":2,"name":"Shop","item":"https:\/\/riduttoridicalibro.it\/de\/shop\/"},{"@type":"ListItem","position":3,"name":"20\/36 Spurweite Reduktion lang"}]},{"@type":"WebSite","@id":"https:\/\/riduttoridicalibro.it\/de\/#website","url":"https:\/\/riduttoridicalibro.it\/de\/","name":"Riduttori di calibro - Shop online","description":"Kaliberreduzierer f\u00fcr Schrotflinten","publisher":{"@id":"https:\/\/riduttoridicalibro.it\/de\/#organization"},"potentialAction":[{"@type":"SearchAction","target":{"@type":"EntryPoint","urlTemplate":"https:\/\/riduttoridicalibro.it\/de\/?s={search_term_string}"},"query-input":{"@type":"PropertyValueSpecification","valueRequired":true,"valueName":"search_term_string"}}],"inLanguage":"de"},{"@type":"Organization","@id":"https:\/\/riduttoridicalibro.it\/de\/#organization","name":"Riduttori di calibro","url":"https:\/\/riduttoridicalibro.it\/de\/","logo":{"@type":"ImageObject","inLanguage":"de","@id":"https:\/\/riduttoridicalibro.it\/de\/#\/schema\/logo\/image\/","url":"https:\/\/riduttoridicalibro.it\/wp-content\/uploads\/2022\/09\/RD-lavorazioni-riduttori.png","contentUrl":"https:\/\/riduttoridicalibro.it\/wp-content\/uploads\/2022\/09\/RD-lavorazioni-riduttori.png","width":300,"height":283,"caption":"Riduttori di calibro"},"image":{"@id":"https:\/\/riduttoridicalibro.it\/de\/#\/schema\/logo\/image\/"}}]}},"_links":{"self":[{"href":"https:\/\/riduttoridicalibro.it\/de\/wp-json\/wp\/v2\/product\/8454","targetHints":{"allow":["GET"]}}],"collection":[{"href":"https:\/\/riduttoridicalibro.it\/de\/wp-json\/wp\/v2\/product"}],"about":[{"href":"https:\/\/riduttoridicalibro.it\/de\/wp-json\/wp\/v2\/types\/product"}],"wp:featuredmedia":[{"embeddable":true,"href":"https:\/\/riduttoridicalibro.it\/de\/wp-json\/wp\/v2\/media\/8351"}],"wp:attachment":[{"href":"https:\/\/riduttoridicalibro.it\/de\/wp-json\/wp\/v2\/media?parent=8454"}],"wp:term":[{"taxonomy":"product_brand","embeddable":true,"href":"https:\/\/riduttoridicalibro.it\/de\/wp-json\/wp\/v2\/product_brand?post=8454"},{"taxonomy":"product_cat","embeddable":true,"href":"https:\/\/riduttoridicalibro.it\/de\/wp-json\/wp\/v2\/product_cat?post=8454"},{"taxonomy":"product_tag","embeddable":true,"href":"https:\/\/riduttoridicalibro.it\/de\/wp-json\/wp\/v2\/product_tag?post=8454"}],"curies":[{"name":"wp","href":"https:\/\/api.w.org\/{rel}","templated":true}]}}