{"id":8901,"date":"2024-09-13T11:59:11","date_gmt":"2024-09-13T09:59:11","guid":{"rendered":"https:\/\/riduttoridicalibro.it\/rechtliche-hinweise\/"},"modified":"2024-09-13T11:59:22","modified_gmt":"2024-09-13T09:59:22","slug":"rechtliche-hinweise","status":"publish","type":"page","link":"https:\/\/riduttoridicalibro.it\/de\/rechtliche-hinweise\/","title":{"rendered":"Rechtliche Hinweise"},"content":{"rendered":"<section class=\"wpb-content-wrapper\"><p>[vc_row][vc_column]\t\t<div id=\"wd-66e40ca52a7e2\" class=\"wd-text-block wd-wpb reset-last-child wd-rs-66e40ca52a7e2 text-left \">\n\t\t\t<h4 style=\"font-weight: 400;\"><strong>Reduzierst\u00fcck 12 auf 16\/20\/410<\/strong><\/h4>\n\t\t<\/div>\n\t\t\t\t<div id=\"wd-66e40cb13839b\" class=\"wd-text-block wd-wpb reset-last-child wd-rs-66e40cb13839b text-left \">\n\t\t\t<p><strong>Das<\/strong> italienische <strong>Recht<\/strong> (in \u00dcbereinstimmung mit den europ\u00e4ischen Abkommen und Richtlinien) hat diese Gegenst\u00e4nde immer ignoriert, sie sind also erlaubt.<br \/>\nSie unterliegen keinen Vorschriften, m\u00fcssen nicht von der Pr\u00fcfstelle gestempelt werden und m\u00fcssen keine Unterscheidungszeichen tragen.<br \/>\nSie fallen in keiner Weise unter das Konzept der austauschbaren L\u00e4ufe und m\u00fcssen daher auch nicht registriert werden.<br \/>\nReduzierst\u00fccke sind kein Teil des Gewehrs, sondern blo\u00dfes Zubeh\u00f6r (d.h. eine Sache mit einer eigenen strukturellen Individualit\u00e4t, die dazu bestimmt ist, etwas anderes, das an sich bereits vollst\u00e4ndig ist, zu erg\u00e4nzen, zu variieren oder dessen Gebrauch zu verbessern).<br \/>\nUm den Unterschied zum Wechsellauf zu verstehen, bedenken Sie, dass dieser nur f\u00fcr ein bestimmtes Waffenmodell und manchmal nur f\u00fcr eine bestimmte Waffe verwendet werden kann; der Reduzierer hingegen kann f\u00fcr eine unbegrenzte Anzahl von Waffen verwendet werden, solange sie das gleiche Kaliber haben.<br \/>\nEine Person, die einen Wechsellauf besitzt, kann immer eine ganze Waffe zusammenstellen, wenn sie im Besitz der anderen Teile ist (z.B. Lauf und Schlitten einer Pistole); eine Person, die ein Reduzierst\u00fcck besitzt, kann es nicht verwenden, wenn sie nicht bereits eine funktionierende und vollst\u00e4ndige Waffe besitzt.<br \/>\nW\u00fcrde man diese Auslegung nicht \u00fcbernehmen, m\u00fcssten auch Zielfernrohre und Pistolenholster als Waffenteile betrachtet werden!<br \/>\nSchlie\u00dflich ist klar, dass, wenn bei Reduzierh\u00fclsen Zweifel an der Auslegung aufkommen k\u00f6nnten (m\u00fcssen sie der Beschuss\u00e4mter vorgelegt werden? M\u00fcssen sie registriert werden?), bei Reduzierpatronenh\u00fclsen keine Zweifel aufkommen k\u00f6nnen.<br \/>\nDa es sich nicht um Waffenteile, sondern nur um Zubeh\u00f6r handelt, sind sie frei verk\u00e4uflich und m\u00fcssen nicht gemeldet werden.<br \/>\nDie aus einer Patronenh\u00fclse mit glattem Lauf bestehenden Patronenh\u00fclsen k\u00f6nnen in der Tat von jedem hergestellt werden, der wei\u00df, wie man mit einer Bohrmaschine und einem Fr\u00e4ser umgeht.<br \/>\nDas italienische Jagdrecht ignoriert sie ebenfalls, aber sie m\u00fcssen in Italien als f\u00fcr Jagdzwecke verboten gelten, wenn sie Munition verwenden, deren Kaliber f\u00fcr Jagdwaffen nicht zugelassen ist.<br \/>\nSie sind hingegen erlaubt, wenn sie in einem erlaubten Kaliber sind (z.B. im Kaliber 6,35 f\u00fcr Pistolen), es sei denn nat\u00fcrlich, der \u00f6rtliche Jagdkalender verbietet die Verwendung von Waffen mit gezogenem Lauf.<br \/>\nMeine Behauptung, dass Reduzierst\u00fccke keine Waffenteile oder austauschbare L\u00e4ufe sind, wurde vom Berufungsgericht Venedig in seinem Urteil vom 1. Juni 2001 best\u00e4tigt, das ein Urteil des Gerichts von Belluno best\u00e4tigte und feststellte, dass &#8222;es sich bei dem fraglichen Mechanismus um ein Kaliberreduzierst\u00fcck und nicht um einen austauschbaren Lauf handelt; das Reduzierst\u00fcck erh\u00f6ht nicht das Angriffspotenzial&#8220;.<br \/>\nDamit wurde nicht nur festgestellt, dass es sich nicht um einen Teil einer Waffe handelt, sondern auch, dass die Anbringung eines Reduzierst\u00fccks keine Ver\u00e4nderung der Waffe darstellt.<br \/>\nDiese Aussage ist offensichtlich, da die Mechanik der Waffe nicht ver\u00e4ndert wird, was eine wesentliche Voraussetzung f\u00fcr eine Ver\u00e4nderung im Falle einer Leistungsver\u00e4nderung ist.<\/p>\n\t\t<\/div>\n\t\t[\/vc_column][\/vc_row]<\/p>\n<\/section>","protected":false},"excerpt":{"rendered":"<p>[vc_row][vc_column][\/vc_column][\/vc_row]<\/p>\n","protected":false},"author":1,"featured_media":0,"parent":0,"menu_order":0,"comment_status":"closed","ping_status":"closed","template":"","meta":{"footnotes":""},"class_list":["post-8901","page","type-page","status-publish","hentry"],"yoast_head":"<!-- This site is optimized with the Yoast SEO plugin v25.6 - https:\/\/yoast.com\/wordpress\/plugins\/seo\/ -->\n<title>Rechtliche Hinweise - Reduzierst\u00fccke - Online Gesch\u00e4ft<\/title>\n<meta name=\"robots\" content=\"index, follow, max-snippet:-1, max-image-preview:large, max-video-preview:-1\" \/>\n<link rel=\"canonical\" href=\"https:\/\/riduttoridicalibro.it\/de\/rechtliche-hinweise\/\" \/>\n<meta property=\"og:locale\" content=\"de_DE\" \/>\n<meta property=\"og:type\" content=\"article\" \/>\n<meta property=\"og:title\" content=\"Rechtliche Hinweise - Reduzierst\u00fccke - Online Gesch\u00e4ft\" \/>\n<meta property=\"og:description\" content=\"[vc_row][vc_column][\/vc_column][\/vc_row]\" \/>\n<meta property=\"og:url\" content=\"https:\/\/riduttoridicalibro.it\/de\/rechtliche-hinweise\/\" \/>\n<meta property=\"og:site_name\" content=\"Reduzierst\u00fccke - Online Gesch\u00e4ft\" \/>\n<meta property=\"article:modified_time\" content=\"2024-09-13T09:59:22+00:00\" \/>\n<meta name=\"twitter:card\" content=\"summary_large_image\" \/>\n<meta name=\"twitter:label1\" content=\"Gesch\u00e4tzte Lesezeit\" \/>\n\t<meta name=\"twitter:data1\" content=\"3\u00a0Minuten\" \/>\n<script type=\"application\/ld+json\" class=\"yoast-schema-graph\">{\"@context\":\"https:\/\/schema.org\",\"@graph\":[{\"@type\":\"WebPage\",\"@id\":\"https:\/\/riduttoridicalibro.it\/de\/rechtliche-hinweise\/\",\"url\":\"https:\/\/riduttoridicalibro.it\/de\/rechtliche-hinweise\/\",\"name\":\"Rechtliche Hinweise - Reduzierst\u00fccke - Online Gesch\u00e4ft\",\"isPartOf\":{\"@id\":\"https:\/\/riduttoridicalibro.it\/de\/#website\"},\"datePublished\":\"2024-09-13T09:59:11+00:00\",\"dateModified\":\"2024-09-13T09:59:22+00:00\",\"breadcrumb\":{\"@id\":\"https:\/\/riduttoridicalibro.it\/de\/rechtliche-hinweise\/#breadcrumb\"},\"inLanguage\":\"de\",\"potentialAction\":[{\"@type\":\"ReadAction\",\"target\":[\"https:\/\/riduttoridicalibro.it\/de\/rechtliche-hinweise\/\"]}]},{\"@type\":\"BreadcrumbList\",\"@id\":\"https:\/\/riduttoridicalibro.it\/de\/rechtliche-hinweise\/#breadcrumb\",\"itemListElement\":[{\"@type\":\"ListItem\",\"position\":1,\"name\":\"Home\",\"item\":\"https:\/\/riduttoridicalibro.it\/de\/\"},{\"@type\":\"ListItem\",\"position\":2,\"name\":\"Rechtliche Hinweise\"}]},{\"@type\":\"WebSite\",\"@id\":\"https:\/\/riduttoridicalibro.it\/de\/#website\",\"url\":\"https:\/\/riduttoridicalibro.it\/de\/\",\"name\":\"Riduttori di calibro - Shop online\",\"description\":\"Kaliberreduzierer f\u00fcr Schrotflinten\",\"publisher\":{\"@id\":\"https:\/\/riduttoridicalibro.it\/de\/#organization\"},\"potentialAction\":[{\"@type\":\"SearchAction\",\"target\":{\"@type\":\"EntryPoint\",\"urlTemplate\":\"https:\/\/riduttoridicalibro.it\/de\/?s={search_term_string}\"},\"query-input\":{\"@type\":\"PropertyValueSpecification\",\"valueRequired\":true,\"valueName\":\"search_term_string\"}}],\"inLanguage\":\"de\"},{\"@type\":\"Organization\",\"@id\":\"https:\/\/riduttoridicalibro.it\/de\/#organization\",\"name\":\"Riduttori di calibro\",\"url\":\"https:\/\/riduttoridicalibro.it\/de\/\",\"logo\":{\"@type\":\"ImageObject\",\"inLanguage\":\"de\",\"@id\":\"https:\/\/riduttoridicalibro.it\/de\/#\/schema\/logo\/image\/\",\"url\":\"https:\/\/riduttoridicalibro.it\/wp-content\/uploads\/2022\/09\/RD-lavorazioni-riduttori.png\",\"contentUrl\":\"https:\/\/riduttoridicalibro.it\/wp-content\/uploads\/2022\/09\/RD-lavorazioni-riduttori.png\",\"width\":300,\"height\":283,\"caption\":\"Riduttori di calibro\"},\"image\":{\"@id\":\"https:\/\/riduttoridicalibro.it\/de\/#\/schema\/logo\/image\/\"}}]}<\/script>\n<!-- \/ Yoast SEO plugin. -->","yoast_head_json":{"title":"Rechtliche Hinweise - Reduzierst\u00fccke - Online Gesch\u00e4ft","robots":{"index":"index","follow":"follow","max-snippet":"max-snippet:-1","max-image-preview":"max-image-preview:large","max-video-preview":"max-video-preview:-1"},"canonical":"https:\/\/riduttoridicalibro.it\/de\/rechtliche-hinweise\/","og_locale":"de_DE","og_type":"article","og_title":"Rechtliche Hinweise - Reduzierst\u00fccke - Online Gesch\u00e4ft","og_description":"[vc_row][vc_column][\/vc_column][\/vc_row]","og_url":"https:\/\/riduttoridicalibro.it\/de\/rechtliche-hinweise\/","og_site_name":"Reduzierst\u00fccke - Online Gesch\u00e4ft","article_modified_time":"2024-09-13T09:59:22+00:00","twitter_card":"summary_large_image","twitter_misc":{"Gesch\u00e4tzte Lesezeit":"3\u00a0Minuten"},"schema":{"@context":"https:\/\/schema.org","@graph":[{"@type":"WebPage","@id":"https:\/\/riduttoridicalibro.it\/de\/rechtliche-hinweise\/","url":"https:\/\/riduttoridicalibro.it\/de\/rechtliche-hinweise\/","name":"Rechtliche Hinweise - Reduzierst\u00fccke - Online Gesch\u00e4ft","isPartOf":{"@id":"https:\/\/riduttoridicalibro.it\/de\/#website"},"datePublished":"2024-09-13T09:59:11+00:00","dateModified":"2024-09-13T09:59:22+00:00","breadcrumb":{"@id":"https:\/\/riduttoridicalibro.it\/de\/rechtliche-hinweise\/#breadcrumb"},"inLanguage":"de","potentialAction":[{"@type":"ReadAction","target":["https:\/\/riduttoridicalibro.it\/de\/rechtliche-hinweise\/"]}]},{"@type":"BreadcrumbList","@id":"https:\/\/riduttoridicalibro.it\/de\/rechtliche-hinweise\/#breadcrumb","itemListElement":[{"@type":"ListItem","position":1,"name":"Home","item":"https:\/\/riduttoridicalibro.it\/de\/"},{"@type":"ListItem","position":2,"name":"Rechtliche Hinweise"}]},{"@type":"WebSite","@id":"https:\/\/riduttoridicalibro.it\/de\/#website","url":"https:\/\/riduttoridicalibro.it\/de\/","name":"Riduttori di calibro - Shop online","description":"Kaliberreduzierer f\u00fcr Schrotflinten","publisher":{"@id":"https:\/\/riduttoridicalibro.it\/de\/#organization"},"potentialAction":[{"@type":"SearchAction","target":{"@type":"EntryPoint","urlTemplate":"https:\/\/riduttoridicalibro.it\/de\/?s={search_term_string}"},"query-input":{"@type":"PropertyValueSpecification","valueRequired":true,"valueName":"search_term_string"}}],"inLanguage":"de"},{"@type":"Organization","@id":"https:\/\/riduttoridicalibro.it\/de\/#organization","name":"Riduttori di calibro","url":"https:\/\/riduttoridicalibro.it\/de\/","logo":{"@type":"ImageObject","inLanguage":"de","@id":"https:\/\/riduttoridicalibro.it\/de\/#\/schema\/logo\/image\/","url":"https:\/\/riduttoridicalibro.it\/wp-content\/uploads\/2022\/09\/RD-lavorazioni-riduttori.png","contentUrl":"https:\/\/riduttoridicalibro.it\/wp-content\/uploads\/2022\/09\/RD-lavorazioni-riduttori.png","width":300,"height":283,"caption":"Riduttori di calibro"},"image":{"@id":"https:\/\/riduttoridicalibro.it\/de\/#\/schema\/logo\/image\/"}}]}},"_links":{"self":[{"href":"https:\/\/riduttoridicalibro.it\/de\/wp-json\/wp\/v2\/pages\/8901","targetHints":{"allow":["GET"]}}],"collection":[{"href":"https:\/\/riduttoridicalibro.it\/de\/wp-json\/wp\/v2\/pages"}],"about":[{"href":"https:\/\/riduttoridicalibro.it\/de\/wp-json\/wp\/v2\/types\/page"}],"author":[{"embeddable":true,"href":"https:\/\/riduttoridicalibro.it\/de\/wp-json\/wp\/v2\/users\/1"}],"replies":[{"embeddable":true,"href":"https:\/\/riduttoridicalibro.it\/de\/wp-json\/wp\/v2\/comments?post=8901"}],"version-history":[{"count":2,"href":"https:\/\/riduttoridicalibro.it\/de\/wp-json\/wp\/v2\/pages\/8901\/revisions"}],"predecessor-version":[{"id":8906,"href":"https:\/\/riduttoridicalibro.it\/de\/wp-json\/wp\/v2\/pages\/8901\/revisions\/8906"}],"wp:attachment":[{"href":"https:\/\/riduttoridicalibro.it\/de\/wp-json\/wp\/v2\/media?parent=8901"}],"curies":[{"name":"wp","href":"https:\/\/api.w.org\/{rel}","templated":true}]}}