{"id":8391,"date":"2021-08-25T09:00:10","date_gmt":"2021-08-25T07:00:10","guid":{"rendered":"https:\/\/riduttoridicalibro.it\/kontakt\/"},"modified":"2024-05-07T10:25:52","modified_gmt":"2024-05-07T08:25:52","slug":"kontakt","status":"publish","type":"page","link":"https:\/\/riduttoridicalibro.it\/de\/kontakt\/","title":{"rendered":"Kontakt"},"content":{"rendered":"<section class=\"wpb-content-wrapper\"><p>[vc_row equal_height=&#8220;yes&#8220; css_animation=&#8220;none&#8220; css=&#8220;.vc_custom_1496926452255{margin-right: -50px !important;margin-left: -50px !important;}&#8220;][vc_column css=&#8220;.vc_custom_1496927710186{border-right-width: 1px !important;padding-top: 20px !important;padding-right: 50px !important;padding-bottom: 10px !important;padding-left: 50px !important;border-right-color: #e8e8e8 !important;border-right-style: solid !important;}&#8220; offset=&#8220;vc_col-lg-6 vc_col-md-6&#8243;]\n\t\t<div id=\"wd-632a2f8385cd6\" class=\"title-wrapper wd-wpb set-mb-s reset-last-child  wd-rs-632a2f8385cd6 wd-title-color-default wd-title-style-default text-left  wd-underline-colored\">\n\t\t\t\t\t\t\t<div class=\"title-subtitle  subtitle-color-default font-default subtitle-style-default wd-font-weight- wd-fontsize-xs\">Sicher einkaufen<\/div>\n\t\t\t\n\t\t\t<div class=\"liner-continer\">\n\t\t\t\t<h4 class=\"woodmart-title-container title  wd-font-weight- wd-fontsize-l\" >H\u00e4ufig gestellte Fragen<\/h4>\n\t\t\t\t\t\t\t<\/div>\n\t\t\t\n\t\t\t\n\t\t\t\n\t\t<\/div>\n\t\t\n\t\t\n\t\t<div id=\"wd-632a2fb431d13\" class=\"wd-accordion wd-wpb wd-rs-632a2fb431d13  wd-style-default\" data-state=\"all_closed\">\n\t\t\t\t\t\t\t\n\t\t\t\t\n\t\t\t\t<div class=\"wd-accordion-item\">\n\t\t\t\t\t<div class=\"wd-accordion-title font-primary wd-fontsize-s text-left wd-opener-pos-left wd-font-weight-600\" data-accordion-index=\"0\">\n\t\t\t\t\t\t<div class=\"wd-accordion-title-text\">\n\t\t\t\t\t\t\t\t\t\t\t\t\t\t<span>\n\t\t\t\t\t\t\t\tM\u00fcssen Reduktionsf\u00e4sser auf den Pr\u00fcfstand gestellt werden? M\u00fcssen sie registriert werden?\t\t\t\t\t\t\t<\/span>\n\t\t\t\t\t\t<\/div>\n\t\t\t\t\t\t<span class=\"wd-accordion-opener wd-opener-style-arrow\"><\/span>\n\t\t\t\t\t<\/div>\n\n\t\t\t\t\t<div class=\"wd-accordion-content reset-last-child\" data-accordion-index=\"0\">\n\t\t\t\t\t\t\t\t\t\t\t\t\t<p>Nein, da Reduzierh\u00fclsen frei verk\u00e4ufliches Zubeh\u00f6r sind, m\u00fcssen sie nicht gemeldet, auf dem Pr\u00fcfstand vorgelegt und nicht registriert werden.<\/p>\n\t\t\t\t\t\t\t\t\t\t\t<\/div>\n\t\t\t\t<\/div>\n\t\t\t\t\t\t\t\n\t\t\t\t\n\t\t\t\t<div class=\"wd-accordion-item\">\n\t\t\t\t\t<div class=\"wd-accordion-title font-primary wd-fontsize-s text-left wd-opener-pos-left wd-font-weight-600\" data-accordion-index=\"1\">\n\t\t\t\t\t\t<div class=\"wd-accordion-title-text\">\n\t\t\t\t\t\t\t\t\t\t\t\t\t\t<span>\n\t\t\t\t\t\t\t\tWurde die Mechanik der Waffe ver\u00e4ndert?\t\t\t\t\t\t\t<\/span>\n\t\t\t\t\t\t<\/div>\n\t\t\t\t\t\t<span class=\"wd-accordion-opener wd-opener-style-arrow\"><\/span>\n\t\t\t\t\t<\/div>\n\n\t\t\t\t\t<div class=\"wd-accordion-content reset-last-child\" data-accordion-index=\"1\">\n\t\t\t\t\t\t\t\t\t\t\t\t\t<p>Nein, der Reduzierlauf ist eine zus\u00e4tzliche Komponente, die nach einer ersten Einstellung des Gewehrs schnell in den Lauf eingesetzt werden kann.<\/p>\n\t\t\t\t\t\t\t\t\t\t\t<\/div>\n\t\t\t\t<\/div>\n\t\t\t\t\t\t\t\n\t\t\t\t\n\t\t\t\t<div class=\"wd-accordion-item\">\n\t\t\t\t\t<div class=\"wd-accordion-title font-primary wd-fontsize-s text-left wd-opener-pos-left wd-font-weight-600\" data-accordion-index=\"2\">\n\t\t\t\t\t\t<div class=\"wd-accordion-title-text\">\n\t\t\t\t\t\t\t\t\t\t\t\t\t\t<span>\n\t\t\t\t\t\t\t\tSind die Reduzierst\u00fccke Waffenteile oder austauschbare L\u00e4ufe?\t\t\t\t\t\t\t<\/span>\n\t\t\t\t\t\t<\/div>\n\t\t\t\t\t\t<span class=\"wd-accordion-opener wd-opener-style-arrow\"><\/span>\n\t\t\t\t\t<\/div>\n\n\t\t\t\t\t<div class=\"wd-accordion-content reset-last-child\" data-accordion-index=\"2\">\n\t\t\t\t\t\t\t\t\t\t\t\t\t<p>Nein, wie oben erl\u00e4utert, handelt es sich hierbei lediglich um Zubeh\u00f6r, das der Waffe hinzugef\u00fcgt werden kann, um verschiedene Kaliber zu verwenden.<\/p>\n\t\t\t\t\t\t\t\t\t\t\t<\/div>\n\t\t\t\t<\/div>\n\t\t\t\t\t\t\t\n\t\t\t\t\n\t\t\t\t<div class=\"wd-accordion-item\">\n\t\t\t\t\t<div class=\"wd-accordion-title font-primary wd-fontsize-s text-left wd-opener-pos-left wd-font-weight-600\" data-accordion-index=\"3\">\n\t\t\t\t\t\t<div class=\"wd-accordion-title-text\">\n\t\t\t\t\t\t\t\t\t\t\t\t\t\t<span>\n\t\t\t\t\t\t\t\tDieses Zubeh\u00f6r ist in Italien f\u00fcr die Jagd zugelassen, wenn das verwendete Kaliber innerhalb der gesetzlich zul\u00e4ssigen Werte liegt.\t\t\t\t\t\t\t<\/span>\n\t\t\t\t\t\t<\/div>\n\t\t\t\t\t\t<span class=\"wd-accordion-opener wd-opener-style-arrow\"><\/span>\n\t\t\t\t\t<\/div>\n\n\t\t\t\t\t<div class=\"wd-accordion-content reset-last-child\" data-accordion-index=\"3\">\n\t\t\t\t\t\t\t\t\t\t\t\t\t<p>Nein, wie oben erl\u00e4utert, handelt es sich hierbei lediglich um Zubeh\u00f6r, das der Waffe hinzugef\u00fcgt werden kann, um verschiedene Kaliber zu verwenden.<\/p>\n\t\t\t\t\t\t\t\t\t\t\t<\/div>\n\t\t\t\t<\/div>\n\t\t\t\t\t\t\t\t\t\t\t\t\t\t<\/div>\n\n\t\t[\/vc_column][vc_column css=&#8220;.vc_custom_1496927688909{padding-top: 20px !important;padding-right: 50px !important;padding-bottom: 10px !important;padding-left: 50px !important;}&#8220; offset=&#8220;vc_col-lg-6 vc_col-md-6&#8243;]\n\t\t<div id=\"wd-632a2ff354cd1\" class=\"title-wrapper wd-wpb set-mb-s reset-last-child  wd-rs-632a2ff354cd1 wd-title-color-default wd-title-style-default text-left  wd-underline-colored\">\n\t\t\t\n\t\t\t<div class=\"liner-continer\">\n\t\t\t\t<h4 class=\"woodmart-title-container title  wd-font-weight- wd-fontsize-l\" >KONTAKT US<\/h4>\n\t\t\t\t\t\t\t<\/div>\n\t\t\t\n\t\t\t\n\t\t\t\n\t\t<\/div>\n\t\t\n\t\t\n<div class=\"wpcf7 no-js\" id=\"wpcf7-f8470-o1\" lang=\"de-DE\" dir=\"ltr\" data-wpcf7-id=\"8470\">\n<div class=\"screen-reader-response\"><p role=\"status\" aria-live=\"polite\" aria-atomic=\"true\"><\/p> <ul><\/ul><\/div>\n<form action=\"\/de\/wp-json\/wp\/v2\/pages\/8391#wpcf7-f8470-o1\" method=\"post\" class=\"wpcf7-form init\" aria-label=\"Kontaktformular\" novalidate=\"novalidate\" data-status=\"init\">\n<fieldset class=\"hidden-fields-container\"><input type=\"hidden\" name=\"_wpcf7\" value=\"8470\" \/><input type=\"hidden\" name=\"_wpcf7_version\" value=\"6.1.1\" \/><input type=\"hidden\" name=\"_wpcf7_locale\" value=\"de_DE\" \/><input type=\"hidden\" name=\"_wpcf7_unit_tag\" value=\"wpcf7-f8470-o1\" \/><input type=\"hidden\" name=\"_wpcf7_container_post\" value=\"0\" \/><input type=\"hidden\" name=\"_wpcf7_posted_data_hash\" value=\"\" \/>\n<\/fieldset>\n<div class=\"row\">\n\t<p class=\"col-md-6\"><label>Name<\/label><span class=\"wpcf7-form-control-wrap\" data-name=\"your-name\"><input size=\"40\" maxlength=\"400\" class=\"wpcf7-form-control wpcf7-text wpcf7-validates-as-required\" aria-required=\"true\" aria-invalid=\"false\" value=\"\" type=\"text\" name=\"your-name\" \/><\/span>\n\t<\/p>\n\t<p class=\"col-md-6\"><label>E-Mail<\/label><span class=\"wpcf7-form-control-wrap\" data-name=\"your-email\"><input size=\"40\" maxlength=\"400\" class=\"wpcf7-form-control wpcf7-email wpcf7-validates-as-required wpcf7-text wpcf7-validates-as-email\" aria-required=\"true\" aria-invalid=\"false\" value=\"\" type=\"email\" name=\"your-email\" \/><\/span>\n\t<\/p>\n<\/div>\n<div class=\"row\">\n\t<p class=\"col-md-6\"><label>Telefon<\/label><span class=\"wpcf7-form-control-wrap\" data-name=\"tel-767\"><input size=\"40\" maxlength=\"400\" class=\"wpcf7-form-control wpcf7-tel wpcf7-text wpcf7-validates-as-tel\" aria-invalid=\"false\" value=\"\" type=\"tel\" name=\"tel-767\" \/><\/span>\n\t<\/p>\n\t<p class=\"col-md-6\"><label>Land<\/label><span class=\"wpcf7-form-control-wrap\" data-name=\"text-1\"><input size=\"40\" maxlength=\"400\" class=\"wpcf7-form-control wpcf7-text\" aria-invalid=\"false\" value=\"\" type=\"text\" name=\"text-1\" \/><\/span>\n\t<\/p>\n<\/div>\n<p><label>Nachricht<\/label><span class=\"wpcf7-form-control-wrap\" data-name=\"your-message\"><textarea cols=\"40\" rows=\"10\" maxlength=\"2000\" class=\"wpcf7-form-control wpcf7-textarea\" aria-invalid=\"false\" name=\"your-message\"><\/textarea><\/span>\n<\/p>\n<p><label>Datenschutz*<\/label><br \/>\n<span class=\"wpcf7-form-control-wrap\" data-name=\"acceptance-10\"><span class=\"wpcf7-form-control wpcf7-acceptance\"><span class=\"wpcf7-list-item\"><label><input type=\"checkbox\" name=\"acceptance-10\" value=\"1\" aria-invalid=\"false\" \/><span class=\"wpcf7-list-item-label\">Ich erkl\u00e4re, dass ich die Informationen \u00fcber die Verarbeitung von personenbezogenen Daten gelesen habe<\/span><\/label><\/span><\/span><\/span><span><a href=\"\/Datenschutzrichtlinien\/\">(lesen Sie hier<\/a> unsere Datenschutzrichtlinie)<\/span>\n<\/p>\n<p><label style=\"font-size:14px;margin-bottom: 15px;\"><small>Diese Seite ist durch reCAPTCHA gesch\u00fctzt und es gelten die <a href=\"https:\/\/policies.google.com\/privacy\">Datenschutzbestimmungen<\/a> und <a href=\"https:\/\/policies.google.com\/terms\">Nutzungsbedingungen<\/a> von Google.<br \/>\n<\/small><\/label>\n<\/p>\n<p><input class=\"wpcf7-form-control wpcf7-submit has-spinner btn-color-black\" type=\"submit\" value=\"INVIA\" \/>\n<\/p><div class=\"wpcf7-response-output\" aria-hidden=\"true\"><\/div>\n<\/form>\n<\/div>\n[\/vc_column][\/vc_row]<\/p>\n<\/section>","protected":false},"excerpt":{"rendered":"<p>[vc_row equal_height=&#8220;yes&#8220; css_animation=&#8220;none&#8220; css=&#8220;.vc_custom_1496926452255{margin-right: -50px !important;margin-left: -50px !important;}&#8220;][vc_column css=&#8220;.vc_custom_1496927710186{border-right-width: 1px !important;padding-top: 20px !important;padding-right: 50px !important;padding-bottom: 10px !important;padding-left: 50px !important;border-right-color: #e8e8e8<\/p>\n","protected":false},"author":1,"featured_media":0,"parent":0,"menu_order":0,"comment_status":"closed","ping_status":"closed","template":"","meta":{"footnotes":""},"class_list":["post-8391","page","type-page","status-publish","hentry"],"yoast_head":"<!-- This site is optimized with the Yoast SEO plugin v25.6 - https:\/\/yoast.com\/wordpress\/plugins\/seo\/ -->\n<title>Kontakt - Reduzierst\u00fccke - Online Gesch\u00e4ft<\/title>\n<meta name=\"robots\" content=\"index, follow, max-snippet:-1, max-image-preview:large, max-video-preview:-1\" \/>\n<link rel=\"canonical\" href=\"https:\/\/riduttoridicalibro.it\/de\/kontakt\/\" \/>\n<meta property=\"og:locale\" content=\"de_DE\" \/>\n<meta property=\"og:type\" content=\"article\" \/>\n<meta property=\"og:title\" content=\"Kontakt - Reduzierst\u00fccke - Online Gesch\u00e4ft\" \/>\n<meta property=\"og:description\" content=\"[vc_row equal_height=&#8220;yes&#8220; css_animation=&#8220;none&#8220; css=&#8220;.vc_custom_1496926452255{margin-right: -50px !important;margin-left: -50px !important;}&#8220;][vc_column css=&#8220;.vc_custom_1496927710186{border-right-width: 1px !important;padding-top: 20px !important;padding-right: 50px !important;padding-bottom: 10px !important;padding-left: 50px !important;border-right-color: #e8e8e8\" \/>\n<meta property=\"og:url\" content=\"https:\/\/riduttoridicalibro.it\/de\/kontakt\/\" \/>\n<meta property=\"og:site_name\" content=\"Reduzierst\u00fccke - Online Gesch\u00e4ft\" \/>\n<meta property=\"article:modified_time\" content=\"2024-05-07T08:25:52+00:00\" \/>\n<meta name=\"twitter:card\" content=\"summary_large_image\" \/>\n<meta name=\"twitter:label1\" content=\"Gesch\u00e4tzte Lesezeit\" \/>\n\t<meta name=\"twitter:data1\" content=\"2\u00a0Minuten\" \/>\n<script type=\"application\/ld+json\" class=\"yoast-schema-graph\">{\"@context\":\"https:\/\/schema.org\",\"@graph\":[{\"@type\":\"WebPage\",\"@id\":\"https:\/\/riduttoridicalibro.it\/de\/kontakt\/\",\"url\":\"https:\/\/riduttoridicalibro.it\/de\/kontakt\/\",\"name\":\"Kontakt - Reduzierst\u00fccke - Online Gesch\u00e4ft\",\"isPartOf\":{\"@id\":\"https:\/\/riduttoridicalibro.it\/de\/#website\"},\"datePublished\":\"2021-08-25T07:00:10+00:00\",\"dateModified\":\"2024-05-07T08:25:52+00:00\",\"breadcrumb\":{\"@id\":\"https:\/\/riduttoridicalibro.it\/de\/kontakt\/#breadcrumb\"},\"inLanguage\":\"de\",\"potentialAction\":[{\"@type\":\"ReadAction\",\"target\":[\"https:\/\/riduttoridicalibro.it\/de\/kontakt\/\"]}]},{\"@type\":\"BreadcrumbList\",\"@id\":\"https:\/\/riduttoridicalibro.it\/de\/kontakt\/#breadcrumb\",\"itemListElement\":[{\"@type\":\"ListItem\",\"position\":1,\"name\":\"Home\",\"item\":\"https:\/\/riduttoridicalibro.it\/de\/\"},{\"@type\":\"ListItem\",\"position\":2,\"name\":\"Kontakt\"}]},{\"@type\":\"WebSite\",\"@id\":\"https:\/\/riduttoridicalibro.it\/de\/#website\",\"url\":\"https:\/\/riduttoridicalibro.it\/de\/\",\"name\":\"Riduttori di calibro - Shop online\",\"description\":\"Kaliberreduzierer f\u00fcr Schrotflinten\",\"publisher\":{\"@id\":\"https:\/\/riduttoridicalibro.it\/de\/#organization\"},\"potentialAction\":[{\"@type\":\"SearchAction\",\"target\":{\"@type\":\"EntryPoint\",\"urlTemplate\":\"https:\/\/riduttoridicalibro.it\/de\/?s={search_term_string}\"},\"query-input\":{\"@type\":\"PropertyValueSpecification\",\"valueRequired\":true,\"valueName\":\"search_term_string\"}}],\"inLanguage\":\"de\"},{\"@type\":\"Organization\",\"@id\":\"https:\/\/riduttoridicalibro.it\/de\/#organization\",\"name\":\"Riduttori di calibro\",\"url\":\"https:\/\/riduttoridicalibro.it\/de\/\",\"logo\":{\"@type\":\"ImageObject\",\"inLanguage\":\"de\",\"@id\":\"https:\/\/riduttoridicalibro.it\/de\/#\/schema\/logo\/image\/\",\"url\":\"https:\/\/riduttoridicalibro.it\/wp-content\/uploads\/2022\/09\/RD-lavorazioni-riduttori.png\",\"contentUrl\":\"https:\/\/riduttoridicalibro.it\/wp-content\/uploads\/2022\/09\/RD-lavorazioni-riduttori.png\",\"width\":300,\"height\":283,\"caption\":\"Riduttori di calibro\"},\"image\":{\"@id\":\"https:\/\/riduttoridicalibro.it\/de\/#\/schema\/logo\/image\/\"}}]}<\/script>\n<!-- \/ Yoast SEO plugin. -->","yoast_head_json":{"title":"Kontakt - Reduzierst\u00fccke - Online Gesch\u00e4ft","robots":{"index":"index","follow":"follow","max-snippet":"max-snippet:-1","max-image-preview":"max-image-preview:large","max-video-preview":"max-video-preview:-1"},"canonical":"https:\/\/riduttoridicalibro.it\/de\/kontakt\/","og_locale":"de_DE","og_type":"article","og_title":"Kontakt - Reduzierst\u00fccke - Online Gesch\u00e4ft","og_description":"[vc_row equal_height=&#8220;yes&#8220; css_animation=&#8220;none&#8220; css=&#8220;.vc_custom_1496926452255{margin-right: -50px !important;margin-left: -50px !important;}&#8220;][vc_column css=&#8220;.vc_custom_1496927710186{border-right-width: 1px !important;padding-top: 20px !important;padding-right: 50px !important;padding-bottom: 10px !important;padding-left: 50px !important;border-right-color: #e8e8e8","og_url":"https:\/\/riduttoridicalibro.it\/de\/kontakt\/","og_site_name":"Reduzierst\u00fccke - Online Gesch\u00e4ft","article_modified_time":"2024-05-07T08:25:52+00:00","twitter_card":"summary_large_image","twitter_misc":{"Gesch\u00e4tzte Lesezeit":"2\u00a0Minuten"},"schema":{"@context":"https:\/\/schema.org","@graph":[{"@type":"WebPage","@id":"https:\/\/riduttoridicalibro.it\/de\/kontakt\/","url":"https:\/\/riduttoridicalibro.it\/de\/kontakt\/","name":"Kontakt - Reduzierst\u00fccke - Online Gesch\u00e4ft","isPartOf":{"@id":"https:\/\/riduttoridicalibro.it\/de\/#website"},"datePublished":"2021-08-25T07:00:10+00:00","dateModified":"2024-05-07T08:25:52+00:00","breadcrumb":{"@id":"https:\/\/riduttoridicalibro.it\/de\/kontakt\/#breadcrumb"},"inLanguage":"de","potentialAction":[{"@type":"ReadAction","target":["https:\/\/riduttoridicalibro.it\/de\/kontakt\/"]}]},{"@type":"BreadcrumbList","@id":"https:\/\/riduttoridicalibro.it\/de\/kontakt\/#breadcrumb","itemListElement":[{"@type":"ListItem","position":1,"name":"Home","item":"https:\/\/riduttoridicalibro.it\/de\/"},{"@type":"ListItem","position":2,"name":"Kontakt"}]},{"@type":"WebSite","@id":"https:\/\/riduttoridicalibro.it\/de\/#website","url":"https:\/\/riduttoridicalibro.it\/de\/","name":"Riduttori di calibro - Shop online","description":"Kaliberreduzierer f\u00fcr Schrotflinten","publisher":{"@id":"https:\/\/riduttoridicalibro.it\/de\/#organization"},"potentialAction":[{"@type":"SearchAction","target":{"@type":"EntryPoint","urlTemplate":"https:\/\/riduttoridicalibro.it\/de\/?s={search_term_string}"},"query-input":{"@type":"PropertyValueSpecification","valueRequired":true,"valueName":"search_term_string"}}],"inLanguage":"de"},{"@type":"Organization","@id":"https:\/\/riduttoridicalibro.it\/de\/#organization","name":"Riduttori di calibro","url":"https:\/\/riduttoridicalibro.it\/de\/","logo":{"@type":"ImageObject","inLanguage":"de","@id":"https:\/\/riduttoridicalibro.it\/de\/#\/schema\/logo\/image\/","url":"https:\/\/riduttoridicalibro.it\/wp-content\/uploads\/2022\/09\/RD-lavorazioni-riduttori.png","contentUrl":"https:\/\/riduttoridicalibro.it\/wp-content\/uploads\/2022\/09\/RD-lavorazioni-riduttori.png","width":300,"height":283,"caption":"Riduttori di calibro"},"image":{"@id":"https:\/\/riduttoridicalibro.it\/de\/#\/schema\/logo\/image\/"}}]}},"_links":{"self":[{"href":"https:\/\/riduttoridicalibro.it\/de\/wp-json\/wp\/v2\/pages\/8391","targetHints":{"allow":["GET"]}}],"collection":[{"href":"https:\/\/riduttoridicalibro.it\/de\/wp-json\/wp\/v2\/pages"}],"about":[{"href":"https:\/\/riduttoridicalibro.it\/de\/wp-json\/wp\/v2\/types\/page"}],"author":[{"embeddable":true,"href":"https:\/\/riduttoridicalibro.it\/de\/wp-json\/wp\/v2\/users\/1"}],"replies":[{"embeddable":true,"href":"https:\/\/riduttoridicalibro.it\/de\/wp-json\/wp\/v2\/comments?post=8391"}],"version-history":[{"count":1,"href":"https:\/\/riduttoridicalibro.it\/de\/wp-json\/wp\/v2\/pages\/8391\/revisions"}],"predecessor-version":[{"id":8396,"href":"https:\/\/riduttoridicalibro.it\/de\/wp-json\/wp\/v2\/pages\/8391\/revisions\/8396"}],"wp:attachment":[{"href":"https:\/\/riduttoridicalibro.it\/de\/wp-json\/wp\/v2\/media?parent=8391"}],"curies":[{"name":"wp","href":"https:\/\/api.w.org\/{rel}","templated":true}]}}